{"id":258,"date":"2025-09-04T16:56:07","date_gmt":"2025-09-04T14:56:07","guid":{"rendered":"https:\/\/eolos.es\/?page_id=258"},"modified":"2026-04-29T12:41:59","modified_gmt":"2026-04-29T10:41:59","slug":"studio","status":"publish","type":"page","link":"https:\/\/eolos.se\/en\/studio\/","title":{"rendered":"Studio"},"content":{"rendered":"<div class=\"wp-block-cover alignfull is-light lemmony-parallax\" style=\"padding-top:var(--wp--preset--spacing--70);padding-right:0;padding-bottom:var(--wp--preset--spacing--70);padding-left:0;min-height:30vw;aspect-ratio:unset;\"><span aria-hidden=\"true\" class=\"wp-block-cover__background has-primary-background-color has-background-dim-0 has-background-dim\"><\/span><div class=\"wp-block-cover__inner-container is-layout-flow wp-block-cover-is-layout-flow\">\n<div class=\"wp-block-group has-body-color has-text-color has-global-padding is-layout-constrained wp-container-core-group-is-layout-c19476fc wp-block-group-is-layout-constrained\">\n<h1 class=\"wp-block-heading has-text-align-center lemmony-animation lemmonyFadeInUp has-black-color has-text-color has-link-color has-huge-plus-font-size wp-elements-f8fa06715d9c192f9cc73b3aab767fe0\" style=\"--lemmony-animation-name:lemmonyFadeInUp\">Studio<\/h1>\n\n\n\n<p class=\"has-text-align-center lemmony-animation lemmonyFadeInUp has-medium-font-size lemmony-animation\" style=\"padding-right:var(--wp--preset--spacing--20);padding-left:var(--wp--preset--spacing--20);--lemmony-animation-name:lemmonyFadeInUp;animation-delay:var(--lemmony-delay-xsmall)\"><strong>Strategic Design &amp; Interior Architecture<\/strong><\/p>\n\n\n\n<p class=\"has-text-align-center lemmony-animation lemmonyFadeInUp has-small-font-size lemmony-animation\" style=\"padding-right:var(--wp--preset--spacing--20);padding-left:var(--wp--preset--spacing--20);--lemmony-animation-name:lemmonyFadeInUp;animation-delay:var(--lemmony-delay-xsmall)\">One team, three areas to strengthen your business.<\/p>\n<\/div>\n<\/div><\/div>\n\n\n\n<div class=\"wp-block-columns alignwide are-vertically-aligned-center is-layout-flex wp-container-core-columns-is-layout-92d71c5b wp-block-columns-is-layout-flex\" style=\"margin-top:0;margin-bottom:0;padding-top:var(--wp--preset--spacing--70);padding-bottom:var(--wp--preset--spacing--70)\">\n<div class=\"wp-block-column is-vertically-aligned-center is-layout-flow wp-block-column-is-layout-flow\" style=\"padding-top:0;padding-right:0;padding-bottom:0;padding-left:0;flex-basis:50%\">\n<div class=\"wp-block-cover is-light has-custom-content-position is-position-bottom-center lemmony-aspect-square has-aspect-ratio\" style=\"border-radius:0px;padding-top:240px;padding-right:var(--wp--preset--spacing--60);padding-bottom:var(--wp--preset--spacing--60);padding-left:var(--wp--preset--spacing--60);aspect-ratio:auto;min-height:unset;\"><img loading=\"lazy\" decoding=\"async\" width=\"1536\" height=\"1024\" class=\"wp-block-cover__image-background wp-image-1928 size-full\" alt=\"eolos studio\" src=\"https:\/\/eolos.se\/wp-content\/uploads\/2026\/01\/eolosestudio_lwsoptimized.webp\" data-object-fit=\"cover\" srcset=\"https:\/\/eolos.se\/wp-content\/uploads\/2026\/01\/eolosestudio_lwsoptimized.webp 1536w, https:\/\/eolos.se\/wp-content\/uploads\/2026\/01\/eolosestudio_lwsoptimized-300x200.webp 300w, https:\/\/eolos.se\/wp-content\/uploads\/2026\/01\/eolosestudio_lwsoptimized-1024x683.webp 1024w, https:\/\/eolos.se\/wp-content\/uploads\/2026\/01\/eolosestudio_lwsoptimized-768x512.webp 768w, https:\/\/eolos.se\/wp-content\/uploads\/2026\/01\/eolosestudio_lwsoptimized-18x12.webp 18w, https:\/\/eolos.se\/wp-content\/uploads\/2026\/01\/eolosestudio_lwsoptimized-500x333.webp 500w, https:\/\/eolos.se\/wp-content\/uploads\/2026\/01\/eolosestudio_lwsoptimized-800x533.webp 800w, https:\/\/eolos.se\/wp-content\/uploads\/2026\/01\/eolosestudio_lwsoptimized-1280x853.webp 1280w\" sizes=\"auto, (max-width: 1536px) 100vw, 1536px\" \/><span aria-hidden=\"true\" class=\"wp-block-cover__background has-background-dim-0 has-background-dim\" style=\"background-color:#969696\"><\/span><div class=\"wp-block-cover__inner-container is-layout-flow wp-block-cover-is-layout-flow\">\n<p class=\"has-text-align-center has-medium-font-size\"><\/p>\n<\/div><\/div>\n<\/div>\n\n\n\n<div class=\"wp-block-column is-vertically-aligned-center is-layout-flow wp-container-core-column-is-layout-9eec257f wp-block-column-is-layout-flow\" style=\"padding-top:0;padding-right:0;padding-bottom:0;padding-left:0;flex-basis:3%\"><\/div>\n\n\n\n<div class=\"wp-block-column is-vertically-aligned-center is-layout-flow wp-block-column-is-layout-flow\">\n<div class=\"wp-block-columns is-layout-flex wp-container-core-columns-is-layout-28f84493 wp-block-columns-is-layout-flex\">\n<div class=\"wp-block-column is-layout-flow wp-container-core-column-is-layout-119bc444 wp-block-column-is-layout-flow\">\n<h5 class=\"wp-block-heading has-small-font-size\" style=\"font-style:normal;font-weight:600;line-height:1.6\"><\/h5>\n\n\n\n<h2 class=\"wp-block-heading has-large-plus-font-size\" style=\"margin-top:var(--wp--preset--spacing--10);line-height:1.3\">Who we are<\/h2>\n\n\n\n<p>EOLOS DESIGN LAB is the design brand of the <strong><a href=\"https:\/\/wolfblanc.com\" target=\"_blank\" rel=\"noopener\">Wolfblanc Architects<\/a><\/strong> in Stockholm, specializing in commercial interior design and brand strategy.<\/p>\n\n\n\n<p>The studio was founded by architects with over 20 years of experience from Sweden, Spain and Greece. Our team has a background from projects with leading Nordic developers such as Skanska, JM and Einar Mattsson, as well as international assignments in hospitality and retail.<br><br><em><a href=\"https:\/\/eolos.se\/en\/arkitekter\/\" data-type=\"page\" data-id=\"3051\">Get to know the architects behind the studio \u2192<\/a><\/em><\/p>\n<\/div>\n<\/div>\n<\/div>\n<\/div>\n\n\n\n<div class=\"wp-block-group alignwide has-global-padding is-layout-constrained wp-container-core-group-is-layout-3a25028c wp-block-group-is-layout-constrained\" style=\"margin-top:0;margin-bottom:0;padding-top:var(--wp--preset--spacing--70);padding-bottom:var(--wp--preset--spacing--70)\">\n<h2 class=\"wp-block-heading has-text-align-center has-large-font-size\">Why choose EOLOS<\/h2>\n\n\n\n<div class=\"wp-block-columns alignwide is-layout-flex wp-container-core-columns-is-layout-47c06fe3 wp-block-columns-is-layout-flex\">\n<div class=\"wp-block-column is-layout-flow wp-container-core-column-is-layout-119bc444 wp-block-column-is-layout-flow\">\n<div class=\"wp-block-group is-style-hover-bg lemmony-animation has-global-padding is-layout-constrained wp-container-core-group-is-layout-b2834a4a wp-block-group-is-layout-constrained\" style=\"border-radius:24px;padding-top:40px;padding-right:var(--wp--preset--spacing--30);padding-bottom:40px;padding-left:var(--wp--preset--spacing--30);--lemmony-animation-name:lemmonyFadeIn\">\n<div class=\"wp-block-columns is-layout-flex wp-container-core-columns-is-layout-87beb0d0 wp-block-columns-is-layout-flex\">\n<div class=\"wp-block-column is-layout-flow wp-block-column-is-layout-flow\" style=\"flex-basis:36px\">\n<div class=\"wp-block-lemmony-companion-icon has-medium-plus-font-size\"><div class=\"lemmony-icon-wrapper\"><svg xmlns=\"http:\/\/www.w3.org\/2000\/svg\" viewbox=\"0 0 32 32\" data-reactroot=\"\"><path d=\"M16,30.5c-0.204,0-0.407-0.062-0.581-0.186l-4.774-3.407c-4.317-3.081-6.894-8.086-6.894-13.39V5.417 c0-0.448,0.298-0.842,0.73-0.963l9.581-2.687c1.268-0.355,2.609-0.355,3.877,0l9.582,2.687c0.432,0.121,0.729,0.515,0.729,0.963 v8.101c0,5.303-2.578,10.309-6.895,13.39l-4.774,3.407C16.407,30.438,16.203,30.5,16,30.5z M5.75,6.175v7.342 c0,4.659,2.264,9.056,6.056,11.761L16,28.271l4.193-2.993l0,0c3.793-2.705,6.057-7.103,6.057-11.761V6.175l-8.852-2.482 c-0.914-0.257-1.882-0.257-2.797,0L5.75,6.175z M14.5,18.849c-0.256,0-0.512-0.098-0.707-0.293l-3-3 c-0.391-0.391-0.391-1.023,0-1.414s1.023-0.391,1.414,0l2.293,2.293l5.293-5.293c0.391-0.391,1.023-0.391,1.414,0 s0.391,1.023,0,1.414l-6,6C15.011,18.751,14.756,18.849,14.5,18.849z\"><\/path><\/svg><\/div><\/div>\n<\/div>\n\n\n\n<div class=\"wp-block-column is-layout-flow wp-container-core-column-is-layout-22223934 wp-block-column-is-layout-flow\" style=\"flex-basis:66.66%\">\n<h3 class=\"wp-block-heading has-small-plus-font-size\">Registered architects&nbsp;<\/h3>\n\n\n\n<p class=\"has-tiny-plus-font-size\"><\/p>\n<\/div>\n<\/div>\n<\/div>\n<\/div>\n\n\n\n<div class=\"wp-block-column is-layout-flow wp-block-column-is-layout-flow\">\n<div class=\"wp-block-group is-style-hover-bg lemmony-animation has-global-padding is-layout-constrained wp-container-core-group-is-layout-b2834a4a wp-block-group-is-layout-constrained\" style=\"border-radius:24px;padding-top:40px;padding-right:var(--wp--preset--spacing--30);padding-bottom:40px;padding-left:var(--wp--preset--spacing--30);--lemmony-animation-name:lemmonyFadeIn;animation-delay:var(--lemmony-delay-xsmall)\">\n<div class=\"wp-block-columns is-layout-flex wp-container-core-columns-is-layout-87beb0d0 wp-block-columns-is-layout-flex\">\n<div class=\"wp-block-column is-layout-flow wp-block-column-is-layout-flow\" style=\"flex-basis:36px\">\n<div class=\"wp-block-lemmony-companion-icon has-medium-plus-font-size\"><div class=\"lemmony-icon-wrapper\"><svg xmlns=\"http:\/\/www.w3.org\/2000\/svg\" viewbox=\"0 0 32 32\" data-reactroot=\"\"><path d=\"M16,30.5c-0.204,0-0.407-0.062-0.581-0.186l-4.774-3.407c-4.317-3.081-6.894-8.086-6.894-13.39V5.417 c0-0.448,0.298-0.842,0.73-0.963l9.581-2.687c1.268-0.355,2.609-0.355,3.877,0l9.582,2.687c0.432,0.121,0.729,0.515,0.729,0.963 v8.101c0,5.303-2.578,10.309-6.895,13.39l-4.774,3.407C16.407,30.438,16.203,30.5,16,30.5z M5.75,6.175v7.342 c0,4.659,2.264,9.056,6.056,11.761L16,28.271l4.193-2.993l0,0c3.793-2.705,6.057-7.103,6.057-11.761V6.175l-8.852-2.482 c-0.914-0.257-1.882-0.257-2.797,0L5.75,6.175z M14.5,18.849c-0.256,0-0.512-0.098-0.707-0.293l-3-3 c-0.391-0.391-0.391-1.023,0-1.414s1.023-0.391,1.414,0l2.293,2.293l5.293-5.293c0.391-0.391,1.023-0.391,1.414,0 s0.391,1.023,0,1.414l-6,6C15.011,18.751,14.756,18.849,14.5,18.849z\"><\/path><\/svg><\/div><\/div>\n<\/div>\n\n\n\n<div class=\"wp-block-column is-layout-flow wp-container-core-column-is-layout-22223934 wp-block-column-is-layout-flow\" style=\"flex-basis:66.66%\">\n<h3 class=\"wp-block-heading has-small-plus-font-size\">Reliable business partner<\/h3>\n\n\n\n<p class=\"has-tiny-plus-font-size\">Swedish company, approved for F-tax and VAT registered.<\/p>\n<\/div>\n<\/div>\n<\/div>\n<\/div>\n\n\n\n<div class=\"wp-block-column is-layout-flow wp-block-column-is-layout-flow\">\n<div class=\"wp-block-group is-style-hover-bg lemmony-animation has-global-padding is-layout-constrained wp-container-core-group-is-layout-b2834a4a wp-block-group-is-layout-constrained\" style=\"border-radius:24px;padding-top:40px;padding-right:var(--wp--preset--spacing--30);padding-bottom:40px;padding-left:var(--wp--preset--spacing--30);--lemmony-animation-name:lemmonyFadeIn;animation-delay:var(--lemmony-delay-xsmall)\">\n<div class=\"wp-block-columns is-layout-flex wp-container-core-columns-is-layout-87beb0d0 wp-block-columns-is-layout-flex\">\n<div class=\"wp-block-column is-layout-flow wp-block-column-is-layout-flow\" style=\"flex-basis:36px\">\n<div class=\"wp-block-lemmony-companion-icon has-medium-plus-font-size\"><div class=\"lemmony-icon-wrapper\"><svg xmlns=\"http:\/\/www.w3.org\/2000\/svg\" viewbox=\"0 0 32 32\" data-reactroot=\"\"><path d=\"M24.157,30.5c-3.497,0-6.343-2.846-6.343-6.343s2.846-6.343,6.343-6.343S30.5,20.66,30.5,24.157S27.654,30.5,24.157,30.5z M24.157,19.815c-2.395,0-4.343,1.948-4.343,4.343s1.948,4.343,4.343,4.343s4.343-1.948,4.343-4.343S26.552,19.815,24.157,19.815z M7.842,30.5c-3.497,0-6.342-2.846-6.342-6.343s2.845-6.343,6.342-6.343c3.498,0,6.343,2.846,6.343,6.343S11.34,30.5,7.842,30.5z M7.842,19.815c-2.395,0-4.342,1.948-4.342,4.343S5.448,28.5,7.842,28.5s4.343-1.948,4.343-4.343S10.237,19.815,7.842,19.815z M24.157,14.185c-3.497,0-6.343-2.845-6.343-6.343S20.66,1.5,24.157,1.5S30.5,4.345,30.5,7.843S27.654,14.185,24.157,14.185z M24.157,3.5c-2.395,0-4.343,1.948-4.343,4.343s1.948,4.343,4.343,4.343S28.5,10.237,28.5,7.843S26.552,3.5,24.157,3.5z M7.842,14.185c-3.497,0-6.342-2.845-6.342-6.343S4.345,1.5,7.842,1.5c3.498,0,6.343,2.845,6.343,6.343S11.34,14.185,7.842,14.185z M7.842,3.5C5.448,3.5,3.5,5.448,3.5,7.843s1.948,4.343,4.342,4.343s4.343-1.948,4.343-4.343S10.237,3.5,7.842,3.5z\"><\/path><\/svg><\/div><\/div>\n<\/div>\n\n\n\n<div class=\"wp-block-column is-layout-flow wp-container-core-column-is-layout-22223934 wp-block-column-is-layout-flow\" style=\"flex-basis:66.66%\">\n<h3 class=\"wp-block-heading has-small-plus-font-size\">International Capacity &amp; Full Service<\/h3>\n\n\n\n<p class=\"has-tiny-plus-font-size\">Local project management and production in Stockholm.<\/p>\n<\/div>\n<\/div>\n<\/div>\n<\/div>\n<\/div>\n\n\n\n<div class=\"wp-block-columns alignwide is-layout-flex wp-container-core-columns-is-layout-47c06fe3 wp-block-columns-is-layout-flex\">\n<div class=\"wp-block-column is-layout-flow wp-block-column-is-layout-flow\">\n<div class=\"wp-block-group is-style-hover-bg lemmony-animation has-global-padding is-layout-constrained wp-container-core-group-is-layout-b2834a4a wp-block-group-is-layout-constrained\" style=\"border-radius:24px;padding-top:40px;padding-right:var(--wp--preset--spacing--30);padding-bottom:40px;padding-left:var(--wp--preset--spacing--30);--lemmony-animation-name:lemmonyFadeIn;animation-delay:var(--lemmony-delay-xsmall)\">\n<div class=\"wp-block-columns is-layout-flex wp-container-core-columns-is-layout-87beb0d0 wp-block-columns-is-layout-flex\">\n<div class=\"wp-block-column is-layout-flow wp-block-column-is-layout-flow\" style=\"flex-basis:36px\">\n<div class=\"wp-block-lemmony-companion-icon has-medium-plus-font-size\"><div class=\"lemmony-icon-wrapper\"><svg xmlns=\"http:\/\/www.w3.org\/2000\/svg\" viewbox=\"0 0 32 32\" data-reactroot=\"\"><path d=\"M7.657,29.819c-0.208,0-0.414-0.064-0.588-0.191c-0.294-0.214-0.45-0.571-0.404-0.933l1.085-8.678L1.77,13.633 c-0.249-0.266-0.333-0.646-0.221-0.993c0.113-0.346,0.405-0.604,0.763-0.673l8.589-1.65l4.224-7.659 c0.352-0.638,1.399-0.638,1.751,0l4.224,7.659l8.589,1.65c0.358,0.069,0.65,0.327,0.763,0.673c0.112,0.347,0.027,0.727-0.222,0.993 l-5.979,6.383l1.085,8.679c0.045,0.361-0.109,0.719-0.404,0.933c-0.294,0.216-0.682,0.252-1.013,0.097L16,26.011l-7.918,3.714 C7.946,29.788,7.801,29.819,7.657,29.819z M4.469,13.589l5.061,5.403c0.203,0.217,0.299,0.513,0.262,0.808l-0.918,7.344 l6.701-3.143c0.27-0.127,0.58-0.127,0.85,0l6.701,3.143L22.208,19.8c-0.037-0.295,0.06-0.591,0.263-0.808l5.06-5.403l-7.269-1.396 c-0.292-0.056-0.544-0.239-0.688-0.499L16,5.212l-3.575,6.482c-0.143,0.26-0.395,0.443-0.687,0.499L4.469,13.589z\"><\/path><\/svg><\/div><\/div>\n<\/div>\n\n\n\n<div class=\"wp-block-column is-layout-flow wp-container-core-column-is-layout-22223934 wp-block-column-is-layout-flow\" style=\"flex-basis:66.66%\">\n<h3 class=\"wp-block-heading has-small-plus-font-size\"><strong>Experience from Large Projects<\/strong><\/h3>\n\n\n\n<p class=\"has-tiny-plus-font-size\">Experienced in working with complex requirements from large property developers.<\/p>\n<\/div>\n<\/div>\n<\/div>\n<\/div>\n\n\n\n<div class=\"wp-block-column is-layout-flow wp-block-column-is-layout-flow\">\n<div class=\"wp-block-group is-style-hover-bg lemmony-animation has-global-padding is-layout-constrained wp-container-core-group-is-layout-b2834a4a wp-block-group-is-layout-constrained\" style=\"border-radius:24px;padding-top:40px;padding-right:var(--wp--preset--spacing--30);padding-bottom:40px;padding-left:var(--wp--preset--spacing--30);--lemmony-animation-name:lemmonyFadeIn;animation-delay:var(--lemmony-delay-xsmall)\">\n<div class=\"wp-block-columns is-layout-flex wp-container-core-columns-is-layout-87beb0d0 wp-block-columns-is-layout-flex\">\n<div class=\"wp-block-column is-layout-flow wp-block-column-is-layout-flow\" style=\"flex-basis:36px\">\n<div class=\"wp-block-lemmony-companion-icon has-medium-plus-font-size\"><div class=\"lemmony-icon-wrapper\"><svg xmlns=\"http:\/\/www.w3.org\/2000\/svg\" viewbox=\"0 0 32 32\" data-reactroot=\"\"><path d=\"M23.5,30.5h-6.566c-0.552,0-1-0.447-1-1s0.448-1,1-1H23.5c2.757,0,5-2.243,5-5v-15c0-2.757-2.243-5-5-5h-15 c-2.757,0-5,2.243-5,5v6.566c0,0.552-0.448,1-1,1s-1-0.448-1-1V8.5c0-3.86,3.14-7,7-7h15c3.859,0,7,3.14,7,7v15 C30.5,27.36,27.359,30.5,23.5,30.5z M7,30.5c-3.033,0-5.5-2.468-5.5-5.5s2.467-5.5,5.5-5.5s5.5,2.468,5.5,5.5S10.033,30.5,7,30.5z M7,21.5c-1.93,0-3.5,1.57-3.5,3.5s1.57,3.5,3.5,3.5s3.5-1.57,3.5-3.5S8.93,21.5,7,21.5z M14.772,18.217 c-0.254,0-0.509-0.097-0.704-0.29c-0.392-0.389-0.395-1.022-0.006-1.414l6.1-6.15h-4.158c-0.552,0-1-0.448-1-1s0.448-1,1-1h6.504 c0.286-0.013,0.55,0.082,0.759,0.289c0.209,0.207,0.307,0.482,0.295,0.754v6.516c0,0.552-0.447,1-1,1s-1-0.448-1-1V11.79 l-6.08,6.131C15.287,18.118,15.03,18.217,14.772,18.217z\"><\/path><\/svg><\/div><\/div>\n<\/div>\n\n\n\n<div class=\"wp-block-column is-layout-flow wp-container-core-column-is-layout-40b34d5b wp-block-column-is-layout-flow\" style=\"padding-top:0;padding-right:0;padding-bottom:0;padding-left:0;flex-basis:66.66%\">\n<h3 class=\"wp-block-heading has-small-plus-font-size\"><strong>BIM-driven Process<\/strong><\/h3>\n\n\n\n<p class=\"has-tiny-plus-font-size\">For coordinated, precise and cost-effective planning.<\/p>\n<\/div>\n<\/div>\n<\/div>\n<\/div>\n\n\n\n<div class=\"wp-block-column is-layout-flow wp-block-column-is-layout-flow\">\n<div class=\"wp-block-group is-style-hover-bg lemmony-animation has-global-padding is-layout-constrained wp-container-core-group-is-layout-b2834a4a wp-block-group-is-layout-constrained\" style=\"border-radius:24px;padding-top:40px;padding-right:var(--wp--preset--spacing--30);padding-bottom:40px;padding-left:var(--wp--preset--spacing--30);--lemmony-animation-name:lemmonyFadeIn;animation-delay:var(--lemmony-delay-xsmall)\">\n<div class=\"wp-block-columns is-layout-flex wp-container-core-columns-is-layout-87beb0d0 wp-block-columns-is-layout-flex\">\n<div class=\"wp-block-column is-layout-flow wp-block-column-is-layout-flow\" style=\"flex-basis:36px\">\n<div class=\"wp-block-lemmony-companion-icon has-medium-plus-font-size\"><div class=\"lemmony-icon-wrapper\"><svg xmlns=\"http:\/\/www.w3.org\/2000\/svg\" viewbox=\"0 0 32 32\" data-reactroot=\"\"><path d=\"M16.002,30.5c-0.552,0-1-0.447-1-1v-4.112c-0.042-0.021-0.086-0.041-0.13-0.062c-2-0.957-5.723-2.738-7.406-6.125   c-2.232-4.487-0.631-8.347-0.028-9.8c1.805-4.366,5.522-6.383,7.52-7.466c0.204-0.11,0.389-0.211,0.552-0.304   c0.306-0.173,0.683-0.173,0.988,0.001c0.166,0.094,0.356,0.198,0.565,0.312c1.994,1.084,5.706,3.104,7.507,7.458   c0.6,1.463,2.189,5.342-0.028,9.799c0,0.001-0.001,0.001-0.001,0.002c-1.691,3.386-5.41,5.167-7.408,6.124   c-0.045,0.021-0.088,0.041-0.13,0.062V29.5C17.002,30.053,16.555,30.5,16.002,30.5z M16.001,3.642   c-0.03,0.016-0.06,0.033-0.09,0.049c-1.904,1.033-5.091,2.762-6.625,6.474C8.73,11.504,7.43,14.638,9.257,18.31   c1.205,2.425,3.897,3.943,5.746,4.857v-11.51c0-0.552,0.448-1,1-1s1,0.448,1,1v11.509c1.848-0.914,4.538-2.433,5.749-4.858   c1.813-3.646,0.521-6.799-0.031-8.146c-1.528-3.697-4.711-5.428-6.613-6.462C16.072,3.68,16.036,3.661,16.001,3.642z    M23.646,18.755h0.01H23.646z\"><\/path><\/svg><\/div><\/div>\n<\/div>\n\n\n\n<div class=\"wp-block-column is-layout-flow wp-container-core-column-is-layout-22223934 wp-block-column-is-layout-flow\" style=\"flex-basis:66.66%\">\n<h3 class=\"wp-block-heading has-small-plus-font-size\"><strong>WELL Accredited Professional<\/strong><\/h3>\n\n\n\n<p class=\"has-tiny-plus-font-size\">Expertise in design that promotes health and well-being (Certified WELL AP).<\/p>\n<\/div>\n<\/div>\n<\/div>\n<\/div>\n<\/div>\n<\/div>\n\n\n\n<div class=\"wp-block-columns alignwide lemmony-mobile-center is-layout-flex wp-container-core-columns-is-layout-ea8e853d wp-block-columns-is-layout-flex\" style=\"margin-top:0;margin-bottom:0;padding-top:var(--wp--preset--spacing--60);padding-bottom:var(--wp--preset--spacing--60)\">\n<div class=\"wp-block-column is-layout-flow wp-block-column-is-layout-flow\" style=\"flex-basis:4%\"><\/div>\n\n\n\n<div class=\"wp-block-column is-layout-flow wp-block-column-is-layout-flow\">\n<h2 class=\"wp-block-heading has-text-align-center has-large-plus-font-size\" style=\"margin-top:0;margin-right:0;margin-bottom:0;margin-left:0\"><em>From business idea to finished room \u2013 a partner all the way.<\/em><\/h2>\n<\/div>\n\n\n\n<div class=\"wp-block-column is-layout-flow wp-block-column-is-layout-flow\" style=\"border-right-color:var(--wp--preset--color--border);border-right-width:1px;flex-basis:5%\"><\/div>\n\n\n\n<div class=\"wp-block-column is-layout-flow wp-block-column-is-layout-flow\" style=\"flex-basis:6%\"><\/div>\n\n\n\n<div class=\"wp-block-column is-layout-flow wp-container-core-column-is-layout-9157cea7 wp-block-column-is-layout-flow\" style=\"padding-top:0;padding-right:0;padding-bottom:0;padding-left:0\">\n<div class=\"wp-block-kadence-spacer aligncenter kt-block-spacer-258_93aef6-9f\"><div class=\"kt-block-spacer kt-block-spacer-halign-center\"><hr class=\"kt-divider\"\/><\/div><\/div>\n\n\n\n<div class=\"wp-block-group is-content-justification-left is-nowrap is-layout-flex wp-container-core-group-is-layout-3e7de63d wp-block-group-is-layout-flex\" style=\"padding-top:var(--wp--preset--spacing--20);padding-bottom:var(--wp--preset--spacing--20)\">\n<div class=\"wp-block-buttons is-content-justification-center is-layout-flex wp-container-core-buttons-is-layout-a89b3969 wp-block-buttons-is-layout-flex\" style=\"text-decoration:underline\">\n<div class=\"wp-block-button\"><a class=\"wp-block-button__link has-body-color has-white-background-color has-text-color has-background has-medium-plus-font-size has-custom-font-size wp-element-button\" href=\"https:\/\/eolos.se\/en\/contact\/\" style=\"padding-top:0;padding-right:0;padding-bottom:0;padding-left:0;font-style:normal;font-weight:700\"><strong>Book a Free Consultation<\/strong><\/a><\/div>\n<\/div>\n\n\n\n<div class=\"wp-block-lemmony-companion-icon\"><div class=\"lemmony-icon-wrapper\"><svg xmlns=\"http:\/\/www.w3.org\/2000\/svg\" viewbox=\"0 0 32 32\" data-reactroot=\"\"><polygon points=\"21.418,24.789 20.004,23.375 26.379,17 1.793,17 1.793,15 26.379,15 20.004,8.625 21.418,7.211 30.207,16 \"><\/polygon><\/svg><\/div><\/div>\n<\/div>\n<\/div>\n\n\n\n<div class=\"wp-block-column is-layout-flow wp-block-column-is-layout-flow\" style=\"flex-basis:2%\"><\/div>\n<\/div>","protected":false},"excerpt":{"rendered":"<p>Vilka vi \u00e4r EOLOS DESIGN LAB \u00e4r designvarum\u00e4rket inom Wolfblanc Architects i Stockholm, specialiserad p\u00e5 kommersiell inredningsarkitektur och varum\u00e4rkesstrategi. Studion grundades av arkitekter med \u00f6ver 20 \u00e5rs erfarenhet fr\u00e5n Sverige, Spanien och Grekland. V\u00e5rt team har bakgrund fr\u00e5n projekt med ledande nordiska byggherrar som\u00a0Skanska, JM och Einar Mattsson, samt internationella uppdrag inom hospitality och retail. [&hellip;]<\/p>\n","protected":false},"author":1,"featured_media":2083,"parent":0,"menu_order":0,"comment_status":"closed","ping_status":"closed","template":"page-without-title","meta":{"iawp_total_views":247,"_vp_format_video_url":"","_vp_image_focal_point":[],"footnotes":""},"class_list":["post-258","page","type-page","status-publish","has-post-thumbnail","hentry"],"_links":{"self":[{"href":"https:\/\/eolos.se\/en\/wp-json\/wp\/v2\/pages\/258","targetHints":{"allow":["GET"]}}],"collection":[{"href":"https:\/\/eolos.se\/en\/wp-json\/wp\/v2\/pages"}],"about":[{"href":"https:\/\/eolos.se\/en\/wp-json\/wp\/v2\/types\/page"}],"author":[{"embeddable":true,"href":"https:\/\/eolos.se\/en\/wp-json\/wp\/v2\/users\/1"}],"replies":[{"embeddable":true,"href":"https:\/\/eolos.se\/en\/wp-json\/wp\/v2\/comments?post=258"}],"version-history":[{"count":0,"href":"https:\/\/eolos.se\/en\/wp-json\/wp\/v2\/pages\/258\/revisions"}],"wp:featuredmedia":[{"embeddable":true,"href":"https:\/\/eolos.se\/en\/wp-json\/wp\/v2\/media\/2083"}],"wp:attachment":[{"href":"https:\/\/eolos.se\/en\/wp-json\/wp\/v2\/media?parent=258"}],"curies":[{"name":"wp","href":"https:\/\/api.w.org\/{rel}","templated":true}]}}