{"id":28,"date":"2025-08-31T17:56:53","date_gmt":"2025-08-31T17:56:53","guid":{"rendered":"https:\/\/eolos.es\/hire-us\/"},"modified":"2026-04-21T13:01:05","modified_gmt":"2026-04-21T11:01:05","slug":"contact","status":"publish","type":"page","link":"https:\/\/eolos.se\/en\/kontakt\/","title":{"rendered":"Contact us"},"content":{"rendered":"<div class=\"wp-block-group alignwide has-global-padding is-layout-constrained wp-container-core-group-is-layout-9bcb33e3 wp-block-group-is-layout-constrained\" style=\"padding-top:var(--wp--preset--spacing--70);padding-bottom:var(--wp--preset--spacing--70)\">\n<div class=\"wp-block-group alignwide has-global-padding is-layout-constrained wp-container-core-group-is-layout-cb7db7bf wp-block-group-is-layout-constrained\" style=\"padding-top:0;padding-right:0px;padding-bottom:var(--wp--preset--spacing--60);padding-left:0px\">\n<h5 class=\"wp-block-heading has-text-align-center has-small-font-size lemmony-animation\" style=\"line-height:1.6;--lemmony-animation-name:lemmonyFadeInUp\">Contact us<\/h5>\n\n\n\n<h1 class=\"wp-block-heading has-text-align-center has-large-plus-font-size lemmony-animation\" style=\"margin-top:0;line-height:1.3;--lemmony-animation-name:lemmonyFadeInUp\">Ready for your next project?<\/h1>\n\n\n\n<p class=\"has-text-align-center\">Let us create spaces and brands that build your business.<\/p>\n<\/div>\n\n\n\n<div class=\"wp-block-columns alignwide is-layout-flex wp-container-core-columns-is-layout-ceb339ea wp-block-columns-is-layout-flex\" style=\"padding-top:var(--wp--preset--spacing--60)\">\n<div class=\"wp-block-column is-layout-flow wp-block-column-is-layout-flow\">\n<div class=\"wp-block-columns is-layout-flex wp-container-core-columns-is-layout-28232c24 wp-block-columns-is-layout-flex\">\n<div class=\"wp-block-column is-layout-flow wp-block-column-is-layout-flow\" style=\"flex-basis:5%\"><\/div>\n\n\n\n<div class=\"wp-block-column is-layout-flow wp-block-column-is-layout-flow\">\n<div class=\"wp-block-group lemmony-fadein-bottom lemmony-delay-1 has-global-padding is-layout-constrained wp-container-core-group-is-layout-85ea6b59 wp-block-group-is-layout-constrained\" style=\"padding-top:0;padding-right:0;padding-bottom:0;padding-left:0\">\n<div class=\"wp-block-lemmony-companion-icon aligncenter lemmony-animation\" style=\"font-size:clamp(27.894px, 1.743rem + ((1vw - 3.2px) * 1.571), 48px);--lemmony-animation-name:lemmonyFadeInDown\"><div class=\"lemmony-icon-wrapper\"><svg xmlns=\"http:\/\/www.w3.org\/2000\/svg\" viewbox=\"0 0 32 32\" data-reactroot=\"\"><path d=\"M25.5,27.5h-19c-2.757,0-5-2.333-5-5.2V9.7c0-2.867,2.243-5.2,5-5.2h19c2.757,0,5,2.333,5,5.2v12.6 C30.5,25.167,28.257,27.5,25.5,27.5z M6.5,6.5c-1.654,0-3,1.436-3,3.2v12.6c0,1.765,1.346,3.2,3,3.2h19c1.654,0,3-1.436,3-3.2V9.7 c0-1.765-1.346-3.2-3-3.2H6.5z M16,20.7c-1.167,0-2.333-0.343-3.352-1.027l-5.96-4.015c-0.458-0.309-0.579-0.93-0.271-1.388 c0.309-0.458,0.929-0.579,1.388-0.271l5.96,4.015c1.357,0.912,3.112,0.912,4.469,0l5.961-4.015c0.456-0.308,1.08-0.187,1.388,0.271 c0.309,0.458,0.188,1.08-0.271,1.388l-5.961,4.014C18.334,20.358,17.167,20.7,16,20.7z\"><\/path><\/svg><\/div><\/div>\n\n\n\n<h2 class=\"wp-block-heading has-text-align-center has-medium-font-size\" style=\"font-style:normal;font-weight:700;line-height:1.4\"><strong>Email<\/strong><\/h2>\n\n\n\n<p class=\"has-text-align-center has-small-font-size\" style=\"font-style:normal;font-weight:600\"><a href=\"mailto:info@eolos.se\">info@eolos.se<\/a><\/p>\n<\/div>\n<\/div>\n\n\n\n<div class=\"wp-block-column is-layout-flow wp-block-column-is-layout-flow\" style=\"flex-basis:5%\"><\/div>\n<\/div>\n<\/div>\n\n\n\n<div class=\"wp-block-column is-layout-flow wp-block-column-is-layout-flow\">\n<div class=\"wp-block-columns is-layout-flex wp-container-core-columns-is-layout-28232c24 wp-block-columns-is-layout-flex\">\n<div class=\"wp-block-column is-layout-flow wp-block-column-is-layout-flow\" style=\"flex-basis:5%\"><\/div>\n\n\n\n<div class=\"wp-block-column is-layout-flow wp-block-column-is-layout-flow\">\n<div class=\"wp-block-group lemmony-fadein-bottom lemmony-delay-1 has-global-padding is-layout-constrained wp-container-core-group-is-layout-85ea6b59 wp-block-group-is-layout-constrained\" style=\"padding-top:0;padding-right:0;padding-bottom:0;padding-left:0\">\n<div class=\"wp-block-lemmony-companion-icon aligncenter lemmony-animation\" style=\"font-size:clamp(27.894px, 1.743rem + ((1vw - 3.2px) * 1.571), 48px);--lemmony-animation-name:lemmonyFadeInDown;animation-delay:var(--lemmony-delay-xsmall)\"><div class=\"lemmony-icon-wrapper\"><svg xmlns=\"http:\/\/www.w3.org\/2000\/svg\" viewbox=\"0 0 32 32\" data-reactroot=\"\"><path d=\"M16,30.932c-0.535,0-1.037-0.208-1.414-0.586L7.01,22.771c-4.957-4.957-4.957-13.022,0-17.979 C9.411,2.39,12.604,1.068,16,1.068c3.396,0,6.588,1.322,8.989,3.724c4.957,4.957,4.957,13.022,0,17.979l-7.575,7.575 C17.036,30.724,16.534,30.932,16,30.932z M16,3.068c-2.862,0-5.552,1.114-7.576,3.138c-4.177,4.177-4.177,10.974,0,15.151 l7.577,7.576l7.574-7.576c4.177-4.177,4.177-10.974,0-15.151C21.552,4.182,18.862,3.068,16,3.068z M16,19.513 c-3.033,0-5.5-2.467-5.5-5.5s2.467-5.5,5.5-5.5c3.032,0,5.5,2.467,5.5,5.5S19.032,19.513,16,19.513z M16,10.513 c-1.93,0-3.5,1.57-3.5,3.5s1.57,3.5,3.5,3.5s3.5-1.57,3.5-3.5S17.93,10.513,16,10.513z\"><\/path><\/svg><\/div><\/div>\n\n\n\n<h2 class=\"wp-block-heading has-text-align-center has-medium-font-size\" style=\"font-style:normal;font-weight:700;line-height:1.4\"><strong>Visit us<\/strong><\/h2>\n\n\n\n<p class=\"has-text-align-center has-small-font-size\" style=\"font-style:normal;font-weight:600\">Kungsgatan 9, 111 43<br>Stockholm, Sweden<br>(Meetings by appointment only)<\/p>\n<\/div>\n<\/div>\n\n\n\n<div class=\"wp-block-column is-layout-flow wp-block-column-is-layout-flow\" style=\"flex-basis:5%\"><\/div>\n<\/div>\n<\/div>\n\n\n\n<div class=\"wp-block-column is-layout-flow wp-block-column-is-layout-flow\">\n<div class=\"wp-block-columns is-layout-flex wp-container-core-columns-is-layout-28232c24 wp-block-columns-is-layout-flex\">\n<div class=\"wp-block-column is-layout-flow wp-block-column-is-layout-flow\" style=\"flex-basis:5%\"><\/div>\n\n\n\n<div class=\"wp-block-column is-layout-flow wp-block-column-is-layout-flow\">\n<div class=\"wp-block-group lemmony-fadein-bottom lemmony-delay-1 has-global-padding is-layout-constrained wp-container-core-group-is-layout-85ea6b59 wp-block-group-is-layout-constrained\" style=\"padding-top:0;padding-right:0;padding-bottom:0;padding-left:0\">\n<div class=\"wp-block-lemmony-companion-icon aligncenter lemmony-animation\" style=\"font-size:clamp(27.894px, 1.743rem + ((1vw - 3.2px) * 1.571), 48px);--lemmony-animation-name:lemmonyFadeInDown;animation-delay:var(--lemmony-delay-small)\"><div class=\"lemmony-icon-wrapper\"><svg xmlns=\"http:\/\/www.w3.org\/2000\/svg\" viewbox=\"0 0 32 32\" data-reactroot=\"\"><path d=\"M23.328,30.498c-0.827,0-1.659-0.233-2.385-0.712c-3.759-2.282-7.294-5.062-10.476-8.244 c-3.176-3.176-5.959-6.713-8.272-10.513C1.084,9.341,1.321,7.038,2.778,5.581l2.803-2.803c1.701-1.7,4.466-1.7,6.166,0l2.803,2.803 c1.7,1.7,1.7,4.465,0,6.165l0,0c-0.712,0.713-0.746,1.848-0.075,2.584c0.505,0.556,1.027,1.103,1.564,1.64 c0.538,0.538,1.084,1.059,1.641,1.565c0.735,0.669,1.87,0.638,2.583-0.076c1.7-1.7,4.468-1.7,6.166,0l2.795,2.796 c0.823,0.823,1.277,1.918,1.277,3.082s-0.453,2.26-1.277,3.083l-2.803,2.803C25.58,30.063,24.457,30.498,23.328,30.498z M8.664,3.502c-0.604,0-1.209,0.23-1.669,0.69L4.192,6.995C3.403,7.784,3.274,9.03,3.885,9.959 c2.249,3.694,4.934,7.105,7.997,10.169c3.069,3.068,6.478,5.749,10.131,7.969c0.959,0.631,2.205,0.5,2.994-0.288l2.803-2.803 c0.446-0.446,0.691-1.039,0.691-1.669s-0.245-1.223-0.691-1.668l-2.795-2.796c-0.92-0.92-2.418-0.92-3.338,0 c-1.467,1.47-3.815,1.531-5.343,0.141c-0.58-0.526-1.149-1.069-1.709-1.63c-0.559-0.559-1.102-1.128-1.629-1.708 c-1.39-1.527-1.328-3.875,0.141-5.344l0,0c0.92-0.92,0.92-2.417,0-3.337l-2.803-2.803C9.873,3.732,9.268,3.502,8.664,3.502z\"><\/path><\/svg><\/div><\/div>\n\n\n\n<h2 class=\"wp-block-heading has-text-align-center has-medium-font-size\" style=\"font-style:normal;font-weight:700;line-height:1.4\"><strong>Call us<\/strong><\/h2>\n\n\n\n<p class=\"has-text-align-center has-small-font-size\" style=\"font-style:normal;font-weight:600;text-decoration:underline\"><a href=\"#\"><\/a><a href=\"tel:+46736566489\" data-type=\"tel\" data-id=\"tel:+46736566489\"><\/a><a href=\"tel:+46720303246\" data-type=\"tel\" data-id=\"tel:+46720303246\">+46 72 030 32 46<\/a><\/p>\n\n\n\n<p class=\"has-text-align-center has-small-font-size\" style=\"font-style:normal;font-weight:600;text-decoration:underline\"><a href=\"#\"><\/a><a href=\"tel:+46736566489\" data-type=\"tel\" data-id=\"tel:+46736566489\"><\/a><a href=\"tel:+46736566489\">+46 73 656 64 89<\/a><\/p>\n<\/div>\n<\/div>\n\n\n\n<div class=\"wp-block-column is-layout-flow wp-block-column-is-layout-flow\" style=\"flex-basis:5%\"><\/div>\n<\/div>\n<\/div>\n<\/div>\n\n\n\n<div class=\"wp-block-kadence-spacer aligncenter kt-block-spacer-28_e228e6-97\"><div class=\"kt-block-spacer kt-block-spacer-halign-center\"><hr class=\"kt-divider\"\/><\/div><\/div>\n\n\n\n<h1 class=\"wp-block-heading has-text-align-center has-large-plus-font-size lemmony-animation\" style=\"margin-top:0;margin-bottom:var(--wp--preset--spacing--30);line-height:1.3;--lemmony-animation-name:lemmonyFadeInUp\">Direct Booking<\/h1>\n\n\n\n<p class=\"has-text-align-center\">Use the calendar below to book an initial consultation with our team in Stockholm. We will review your needs and see how we can help you.<\/p>\n\n\n<iframe src=\"https:\/\/eolos.se\/en\/wp-json\/ssa\/v1\/embed-inner?integration&type=boka-direkt&label&types=2&edit&view&payment_provider&ssa_locale=en_US&ssa_is_rtl&sid=c525b8ab6718cc56724ae9f9edb2c2eb2f386038&availability_start_date&availability_end_date&suggest_first_available&suggest_first_available_within_minutes&flow&fallback_flow&time_view&date_view&appointment_types_view&version&accent_color&background&padding&font&booking_url=https%3A%2F%2Feolos.se%2Fen%2Fkontakt%2F&booking_post_id=28&booking_title=Kontakt&_wpnonce=b41e297b31&redirect_post_id&defer&mepr_membership_id#\/\" height=\"400px\" width=\"100%\" name=\"ssa_booking\" loading=\"eager\" frameborder=\"0\" data-skip-lazy=\"1\" class=\"ssa_booking_iframe skip-lazy\" title=\"Book an appointment\"><\/iframe>\n\n\n\n<div class=\"wp-block-kadence-spacer aligncenter kt-block-spacer-28_b0f479-fe\"><div class=\"kt-block-spacer kt-block-spacer-halign-center\"><hr class=\"kt-divider\"\/><\/div><\/div>\n\n\n\n<h1 class=\"wp-block-heading has-text-align-center has-large-plus-font-size lemmony-animation\" style=\"margin-top:0;margin-bottom:var(--wp--preset--spacing--30);line-height:1.3;--lemmony-animation-name:lemmonyFadeInUp\">Do you prefer email?<\/h1>\n\n\n\n<p class=\"has-text-align-center\">Fill in the form below and we will get back to you shortly.<\/p>\n\n\n<p><div class=\"forminator-ui forminator-custom-form forminator-custom-form-2825 forminator-design--material  forminator_ajax\" data-forminator-render=\"0\" data-form=\"forminator-module-2825\" data-uid=\"69f24495da064\"><br\/><\/div><form\r\n\t\t\t\tid=\"forminator-module-2825\"\r\n\t\t\t\tclass=\"forminator-ui forminator-custom-form forminator-custom-form-2825 forminator-design--material  forminator_ajax\"\r\n\t\t\t\tmethod=\"post\"\r\n\t\t\t\tdata-forminator-render=\"0\"\r\n\t\t\t\tdata-form-id=\"2825\"\r\n\t\t\t\t data-color-option=\"theme\" data-design=\"material\" data-grid=\"open\" style=\"display: none;\"\r\n\t\t\t\tdata-uid=\"69f24495da064\" action=\"\"\r\n\t\t\t><div role=\"alert\" aria-live=\"polite\" class=\"forminator-response-message forminator-error\" aria-hidden=\"true\"><\/div><div class=\"forminator-row\"><div id=\"name-1\" class=\"forminator-field-name forminator-col forminator-col-12\"><div class=\"forminator-field\"><input type=\"text\" name=\"name-1\" value=\"\" placeholder=\"Name*\" id=\"forminator-field-name-1_69f24495da064\" class=\"forminator-input forminator-name--field\" aria-required=\"true\" autocomplete=\"name\" \/><\/div><\/div><\/div><div class=\"forminator-row\"><div id=\"email-1\" class=\"forminator-field-email forminator-col forminator-col-6\"><div class=\"forminator-field\"><input type=\"email\" name=\"email-1\" value=\"\" placeholder=\"Email address*\" id=\"forminator-field-email-1_69f24495da064\" class=\"forminator-input forminator-email--field\" data-required=\"true\" aria-required=\"true\" autocomplete=\"email\" \/><\/div><\/div><div id=\"phone-1\" class=\"forminator-field-phone forminator-col forminator-col-6\"><div class=\"forminator-field\"><input type=\"text\" name=\"phone-1\" value=\"\" placeholder=\"Telephone (recommended)\" id=\"forminator-field-phone-1_69f24495da064\" class=\"forminator-input forminator-field--phone\" data-required=\"\" aria-required=\"false\" autocomplete=\"off\" \/><\/div><\/div><\/div><div class=\"forminator-row\"><div id=\"text-1\" class=\"forminator-field-text forminator-col forminator-col-12\"><div class=\"forminator-field\"><input type=\"text\" name=\"text-1\" value=\"\" placeholder=\"Project location\" id=\"forminator-field-text-1_69f24495da064\" class=\"forminator-input forminator-name--field\" data-required=\"\" \/><\/div><\/div><\/div><div class=\"forminator-row\"><div id=\"textarea-1\" class=\"forminator-field-textarea forminator-col forminator-col-12\"><div class=\"forminator-field\"><textarea name=\"textarea-1\" placeholder=\"Message\" id=\"forminator-field-textarea-1_69f24495da064\" class=\"forminator-textarea\" rows=\"6\" style=\"--forminator-textarea-min-height:140px;\" ><\/textarea><\/div><\/div><\/div><div class=\"forminator-row\" style=\"margin: 0;\"><div id=\"captcha-1\" class=\"forminator-field-captcha  forminator-col-12\"><div class=\"forminator-captcha-left forminator-g-recaptcha recaptcha-invisible\" data-theme=\"light\" data-badge=\"bottomleft\" data-sitekey=\"6LcY54csAAAAAALegveuieDoo37F7_h_up7F6slP\" data-size=\"invisible\"><\/div> <\/div><\/div><input type=\"hidden\" name=\"referer_url\" value=\"\" \/><div class=\"forminator-row forminator-row-last\"><div class=\"forminator-col\"><div class=\"forminator-field\"><button class=\"forminator-button forminator-button-submit\"><span>Send message<\/span><span aria-hidden=\"true\"><\/span><\/button><\/div><\/div><\/div><input type=\"hidden\" id=\"forminator_nonce\" name=\"forminator_nonce\" value=\"da468080f4\" \/><input type=\"hidden\" name=\"_wp_http_referer\" value=\"\/en\/wp-json\/wp\/v2\/pages\/28\" \/><input type=\"hidden\" name=\"form_id\" value=\"2825\"><input type=\"hidden\" name=\"page_id\" value=\"28\"><input type=\"hidden\" name=\"form_type\" value=\"default\"><input type=\"hidden\" name=\"current_url\" value=\"https:\/\/eolos.se\/en\/kontakt\/\"><input type=\"hidden\" name=\"render_id\" value=\"0\"><input type=\"hidden\" name=\"action\" value=\"forminator_submit_form_custom-forms\"><input type=\"hidden\" name=\"trp-form-language\" value=\"en\"\/><\/form><\/p>\n<\/div>","protected":false},"excerpt":{"rendered":"<p>Kontakta oss Redo f\u00f6r ditt n\u00e4sta projekt? L\u00e5t oss skapa rum och varum\u00e4rken som bygger din aff\u00e4r. Email info@eolos.se Bes\u00f6k oss Kungsgatan 9, 111 43Stockholm, Sverige(M\u00f6ten endast efter tidsbokning) Ring oss +46 72 030 32 46 +46 73 656 64 89 Boka Direkt Anv\u00e4nd kalendern nedan f\u00f6r att boka en inledande konsultation med v\u00e5rt team [&hellip;]<\/p>\n","protected":false},"author":1,"featured_media":2091,"parent":0,"menu_order":0,"comment_status":"closed","ping_status":"closed","template":"page-without-title","meta":{"iawp_total_views":1027,"_vp_format_video_url":"","_vp_image_focal_point":[],"footnotes":""},"class_list":["post-28","page","type-page","status-publish","has-post-thumbnail","hentry"],"_links":{"self":[{"href":"https:\/\/eolos.se\/en\/wp-json\/wp\/v2\/pages\/28","targetHints":{"allow":["GET"]}}],"collection":[{"href":"https:\/\/eolos.se\/en\/wp-json\/wp\/v2\/pages"}],"about":[{"href":"https:\/\/eolos.se\/en\/wp-json\/wp\/v2\/types\/page"}],"author":[{"embeddable":true,"href":"https:\/\/eolos.se\/en\/wp-json\/wp\/v2\/users\/1"}],"replies":[{"embeddable":true,"href":"https:\/\/eolos.se\/en\/wp-json\/wp\/v2\/comments?post=28"}],"version-history":[{"count":0,"href":"https:\/\/eolos.se\/en\/wp-json\/wp\/v2\/pages\/28\/revisions"}],"wp:featuredmedia":[{"embeddable":true,"href":"https:\/\/eolos.se\/en\/wp-json\/wp\/v2\/media\/2091"}],"wp:attachment":[{"href":"https:\/\/eolos.se\/en\/wp-json\/wp\/v2\/media?parent=28"}],"curies":[{"name":"wp","href":"https:\/\/api.w.org\/{rel}","templated":true}]}}